{"id":339,"date":"2026-01-13T12:38:25","date_gmt":"2026-01-13T12:38:25","guid":{"rendered":"https:\/\/www.rostisseriasantgregori.com\/quienes-somos\/"},"modified":"2026-03-17T12:40:50","modified_gmt":"2026-03-17T12:40:50","slug":"quienes-somos","status":"publish","type":"page","link":"https:\/\/www.rostisseriasantgregori.com\/es\/quienes-somos\/","title":{"rendered":"Qui\u00e9nes somos"},"content":{"rendered":"<div class=\"wpb-content-wrapper\"><p>[vc_row css=\u00bb.vc_custom_1772793995709{margin-bottom: 40px !important;}\u00bb][vc_column width=\u00bb1\/6&#8243;][\/vc_column][vc_column width=\u00bb2\/3&#8243;][vc_column_text css=\u00bb\u00bb]<\/p>\n<p style=\"text-align: center;\">Somos una rostiser\u00eda de pueblo, familiar y de proximidad, donde elaboramos comida casera como se ha hecho toda la vida. Nos gusta trabajar con productos de calidad y de proximidad para ofrecer a nuestros clientes el mejor producto. Adem\u00e1s del pollo asado y nuestros platos preparados, cocinamos otros platos como la famosa paella, el arroz negro y la fideu\u00e1 a la cazuela. Tambi\u00e9n nos enorgullece nuestra rataf\u00eda y orujo. Nuestro objetivo es ofrecer un servicio honesto y seguir siendo un referente del pueblo, donde la gente se sienta como en casa y vuelva por la buena comida y la confianza de siempre.<\/p>\n<p>[\/vc_column_text][\/vc_column][vc_column width=\u00bb1\/6&#8243;][\/vc_column][\/vc_row][vc_row full_width=\u00bbstretch_row\u00bb bg_type=\u00bbimage\u00bb parallax_style=\u00bbvcpb-default\u00bb bg_image_new=\u00bbid^466|url^https:\/\/www.rostisseriasantgregori.com\/wp-content\/uploads\/2026\/03\/Rostisseria-pollastre-2-e1773739134437.webp|caption^null|alt^null|title^Rostisseria &#8211; pollastre|description^null\u00bb bg_img_attach=\u00bbfixed\u00bb ult_hide_row=\u00bbult_hide_row_value\u00bb ult_hide_row_mobile=\u00bbmobile\u00bb css=\u00bb.vc_custom_1773751242930{padding-top: 250px !important;padding-bottom: 250px !important;}\u00bb][vc_column][\/vc_column][\/vc_row][vc_row full_width=\u00bbstretch_row\u00bb bg_type=\u00bbimage\u00bb parallax_style=\u00bbvcpb-default\u00bb bg_image_new=\u00bbid^466|url^https:\/\/www.rostisseriasantgregori.com\/wp-content\/uploads\/2026\/03\/Rostisseria-pollastre-2-e1773739134437.webp|caption^null|alt^null|title^Rostisseria &#8211; pollastre|description^null\u00bb ult_hide_row=\u00bbult_hide_row_value\u00bb ult_hide_row_large_screen=\u00bblarge_screen\u00bb ult_hide_row_desktop=\u00bbdesktop\u00bb ult_hide_row_tablet=\u00bbtablet\u00bb ult_hide_row_tablet_small=\u00bbxs_tablet\u00bb ult_hide_row_mobile_large=\u00bbxl_mobile\u00bb min_height=\u00bb400&#8243; el_id=\u00bbM\u00f2bil\u00bb css=\u00bb.vc_custom_1773751248982{padding-top: 80px !important;padding-bottom: 80px !important;}\u00bb][vc_column][\/vc_column][\/vc_row]<\/p>\n<\/div>","protected":false},"excerpt":{"rendered":"<p>[vc_row css=\u00bb.vc_custom_1772793995709{margin-bottom: 40px !important;}\u00bb][vc_column width=\u00bb1\/6&#8243;][\/vc_column][vc_column width=\u00bb2\/3&#8243;][vc_column_text css=\u00bb\u00bb] Somos una rostiser\u00eda de pueblo, familiar y de proximidad, donde elaboramos comida casera como se ha hecho toda la vida. Nos gusta trabajar con productos de calidad y de proximidad para ofrecer a nuestros clientes el mejor producto. Adem\u00e1s del pollo asado y nuestros platos preparados, cocinamos otros&hellip;<\/p>\n","protected":false},"author":2,"featured_media":0,"parent":0,"menu_order":0,"comment_status":"closed","ping_status":"closed","template":"","meta":{"_joinchat":[],"footnotes":""},"class_list":["post-339","page","type-page","status-publish","hentry","description-off"],"_links":{"self":[{"href":"https:\/\/www.rostisseriasantgregori.com\/es\/wp-json\/wp\/v2\/pages\/339","targetHints":{"allow":["GET"]}}],"collection":[{"href":"https:\/\/www.rostisseriasantgregori.com\/es\/wp-json\/wp\/v2\/pages"}],"about":[{"href":"https:\/\/www.rostisseriasantgregori.com\/es\/wp-json\/wp\/v2\/types\/page"}],"author":[{"embeddable":true,"href":"https:\/\/www.rostisseriasantgregori.com\/es\/wp-json\/wp\/v2\/users\/2"}],"replies":[{"embeddable":true,"href":"https:\/\/www.rostisseriasantgregori.com\/es\/wp-json\/wp\/v2\/comments?post=339"}],"version-history":[{"count":9,"href":"https:\/\/www.rostisseriasantgregori.com\/es\/wp-json\/wp\/v2\/pages\/339\/revisions"}],"predecessor-version":[{"id":474,"href":"https:\/\/www.rostisseriasantgregori.com\/es\/wp-json\/wp\/v2\/pages\/339\/revisions\/474"}],"wp:attachment":[{"href":"https:\/\/www.rostisseriasantgregori.com\/es\/wp-json\/wp\/v2\/media?parent=339"}],"curies":[{"name":"wp","href":"https:\/\/api.w.org\/{rel}","templated":true}]}}