{"id":369,"date":"2026-03-09T11:23:04","date_gmt":"2026-03-09T11:23:04","guid":{"rendered":"https:\/\/www.rostisseriasantgregori.com\/aviso-legal\/"},"modified":"2026-03-09T11:41:06","modified_gmt":"2026-03-09T11:41:06","slug":"aviso-legal","status":"publish","type":"page","link":"https:\/\/www.rostisseriasantgregori.com\/es\/aviso-legal\/","title":{"rendered":"Aviso legal"},"content":{"rendered":"<div class=\"wpb-content-wrapper\"><p>[vc_row][vc_column width=\u00bb1\/6&#8243;][\/vc_column][vc_column width=\u00bb2\/3&#8243;][vc_column_text]<\/p>\n<p data-start=\"3535\" data-end=\"3563\"><strong data-start=\"3535\" data-end=\"3563\">1. Datos identificativos<\/strong><\/p>\n<p><\/p>\n<p data-start=\"3565\" data-end=\"3722\">En cumplimiento de la Ley 34\/2002, de Servicios de la Sociedad de la Informaci\u00f3n y del Comercio Electr\u00f3nico, se informa que este sitio web es titularidad de:<\/p>\n<p><\/p>\n<p data-start=\"3724\" data-end=\"3916\">RAMON CID IGLESIAS<br data-start=\"3742\" data-end=\"3745\" \/>NIF: 43672227B<br data-start=\"3759\" data-end=\"3762\" \/>Direcci\u00f3n: C\/ Joan Maragall, 24 \u2013 17150 Sant Gregori<br data-start=\"3814\" data-end=\"3817\" \/>Correo electr\u00f3nico: <a class=\"decorated-link cursor-pointer\" rel=\"noopener\" data-start=\"3837\" data-end=\"3868\">info@rostisseriasantgregori.com<\/a><br data-start=\"3868\" data-end=\"3871\" \/>Web: <a class=\"decorated-link\" href=\"https:\/\/www.rostisseriasantgregori.com\/es\/\" target=\"_new\" rel=\"noopener\" data-start=\"3876\" data-end=\"3914\">https:\/\/www.rostisseriasantgregori.com<\/a><\/p>\n<p><\/p>\n<p data-start=\"3918\" data-end=\"3931\"><strong data-start=\"3918\" data-end=\"3931\">2. Objeto<\/strong><\/p>\n<p><\/p>\n<p data-start=\"3933\" data-end=\"4058\">El presente sitio web tiene como finalidad ofrecer informaci\u00f3n sobre los servicios y actividades de Rostisseria Sant Gregori.<\/p>\n<p><\/p>\n<p data-start=\"4060\" data-end=\"4196\">El acceso y uso del sitio web atribuye la condici\u00f3n de usuario e implica la aceptaci\u00f3n de las condiciones incluidas en este aviso legal.<\/p>\n<p><\/p>\n<p data-start=\"4198\" data-end=\"4223\"><strong data-start=\"4198\" data-end=\"4223\">3. Condiciones de uso<\/strong><\/p>\n<p><\/p>\n<p data-start=\"4225\" data-end=\"4418\">El usuario se compromete a utilizar el sitio web de conformidad con la ley, la buena fe y el orden p\u00fablico, y a no realizar actividades que puedan da\u00f1ar el sitio web o los derechos de terceros.<\/p>\n<p><\/p>\n<p data-start=\"4420\" data-end=\"4461\"><strong data-start=\"4420\" data-end=\"4461\">4. Propiedad intelectual e industrial<\/strong><\/p>\n<p><\/p>\n<p data-start=\"4463\" data-end=\"4668\">Todos los contenidos del sitio web, incluyendo textos, im\u00e1genes, dise\u00f1os, logotipos y otros elementos, son titularidad del responsable o de terceros autorizados y est\u00e1n protegidos por la normativa vigente.<\/p>\n<p><\/p>\n<p data-start=\"4670\" data-end=\"4743\">Queda prohibida su reproducci\u00f3n total o parcial sin autorizaci\u00f3n expresa.<\/p>\n<p><\/p>\n<p data-start=\"4745\" data-end=\"4767\"><strong data-start=\"4745\" data-end=\"4767\">5. Responsabilidad<\/strong><\/p>\n<p><\/p>\n<p data-start=\"4769\" data-end=\"4924\">El titular no se hace responsable de posibles errores t\u00e9cnicos, interrupciones del servicio o del uso indebido de la informaci\u00f3n contenida en el sitio web.<\/p>\n<p><\/p>\n<p data-start=\"4926\" data-end=\"4949\"><strong data-start=\"4926\" data-end=\"4949\">6. Enlaces externos<\/strong><\/p>\n<p><\/p>\n<p data-start=\"4951\" data-end=\"5092\">Este sitio web puede contener enlaces a sitios web de terceros. El titular no asume ninguna responsabilidad sobre sus contenidos o pol\u00edticas.<\/p>\n<p><\/p>\n<p data-start=\"5094\" data-end=\"5122\"><strong data-start=\"5094\" data-end=\"5122\">7. Legislaci\u00f3n aplicable<\/strong><\/p>\n<p><\/p>\n<p data-start=\"5124\" data-end=\"5280\">La relaci\u00f3n entre el usuario y el titular se regir\u00e1 por la legislaci\u00f3n espa\u00f1ola. Cualquier controversia se someter\u00e1 a los juzgados y tribunales competentes.<\/p>\n<p>[\/vc_column_text][\/vc_column][vc_column width=\u00bb1\/6&#8243;][\/vc_column][\/vc_row]<\/p>\n<\/div>","protected":false},"excerpt":{"rendered":"<p>[vc_row][vc_column width=\u00bb1\/6&#8243;][\/vc_column][vc_column width=\u00bb2\/3&#8243;][vc_column_text] 1. Datos identificativos En cumplimiento de la Ley 34\/2002, de Servicios de la Sociedad de la Informaci\u00f3n y del Comercio Electr\u00f3nico, se informa que este sitio web es titularidad de: RAMON CID IGLESIASNIF: 43672227BDirecci\u00f3n: C\/ Joan Maragall, 24 \u2013 17150 Sant GregoriCorreo electr\u00f3nico: info@rostisseriasantgregori.comWeb: https:\/\/www.rostisseriasantgregori.com 2. Objeto El presente sitio web tiene&hellip;<\/p>\n","protected":false},"author":3,"featured_media":0,"parent":0,"menu_order":0,"comment_status":"closed","ping_status":"closed","template":"","meta":{"_joinchat":[],"footnotes":""},"class_list":["post-369","page","type-page","status-publish","hentry","description-off"],"_links":{"self":[{"href":"https:\/\/www.rostisseriasantgregori.com\/es\/wp-json\/wp\/v2\/pages\/369","targetHints":{"allow":["GET"]}}],"collection":[{"href":"https:\/\/www.rostisseriasantgregori.com\/es\/wp-json\/wp\/v2\/pages"}],"about":[{"href":"https:\/\/www.rostisseriasantgregori.com\/es\/wp-json\/wp\/v2\/types\/page"}],"author":[{"embeddable":true,"href":"https:\/\/www.rostisseriasantgregori.com\/es\/wp-json\/wp\/v2\/users\/3"}],"replies":[{"embeddable":true,"href":"https:\/\/www.rostisseriasantgregori.com\/es\/wp-json\/wp\/v2\/comments?post=369"}],"version-history":[{"count":2,"href":"https:\/\/www.rostisseriasantgregori.com\/es\/wp-json\/wp\/v2\/pages\/369\/revisions"}],"predecessor-version":[{"id":371,"href":"https:\/\/www.rostisseriasantgregori.com\/es\/wp-json\/wp\/v2\/pages\/369\/revisions\/371"}],"wp:attachment":[{"href":"https:\/\/www.rostisseriasantgregori.com\/es\/wp-json\/wp\/v2\/media?parent=369"}],"curies":[{"name":"wp","href":"https:\/\/api.w.org\/{rel}","templated":true}]}}