{"id":376,"date":"2025-12-24T13:55:56","date_gmt":"2025-12-24T13:55:56","guid":{"rendered":"https:\/\/www.rostisseriasantgregori.com\/?page_id=376"},"modified":"2026-03-09T11:43:07","modified_gmt":"2026-03-09T11:43:07","slug":"politica-de-privacidad","status":"publish","type":"page","link":"https:\/\/www.rostisseriasantgregori.com\/es\/politica-de-privacidad\/","title":{"rendered":"Pol\u00edtica de privacidad"},"content":{"rendered":"<div class=\"wpb-content-wrapper\"><p>[vc_row][vc_column width=\u00bb1\/6&#8243;][\/vc_column][vc_column width=\u00bb2\/3&#8243;][vc_column_text css=\u00bb\u00bb]<\/p>\n<p data-start=\"395\" data-end=\"576\">Esta pol\u00edtica de privacidad fue actualizada por \u00faltima vez el 9 de marzo de 2026 y se aplica a los ciudadanos y residentes legales permanentes del Espacio Econ\u00f3mico Europeo y Suiza.<\/p>\n<p data-start=\"578\" data-end=\"604\"><strong data-start=\"578\" data-end=\"604\">1. Informaci\u00f3n general<\/strong><\/p>\n<p data-start=\"606\" data-end=\"783\">En cumplimiento del Reglamento (UE) 2016\/679 (RGPD), se informa a los usuarios del sitio web <a class=\"decorated-link\" href=\"https:\/\/www.rostisseriasantgregori.com\/es\/\" target=\"_new\" rel=\"noopener\" data-start=\"699\" data-end=\"737\">https:\/\/www.rostisseriasantgregori.com<\/a> sobre el tratamiento de sus datos personales.<\/p>\n<p data-start=\"785\" data-end=\"983\">El responsable del tratamiento es:<br data-start=\"819\" data-end=\"822\" \/>RAMON CID IGLESIAS<br data-start=\"840\" data-end=\"843\" \/>NIF: 43672227B<br data-start=\"857\" data-end=\"860\" \/>Direcci\u00f3n: C\/ Joan Maragall, 24 \u2013 17150 Sant Gregori<br data-start=\"912\" data-end=\"915\" \/>Pa\u00eds: Espa\u00f1a<br data-start=\"927\" data-end=\"930\" \/>Correo electr\u00f3nico: <a class=\"decorated-link cursor-pointer\" rel=\"noopener\" data-start=\"950\" data-end=\"981\">info@rostisseriasantgregori.com<\/a><\/p>\n<p data-start=\"985\" data-end=\"1023\"><strong data-start=\"985\" data-end=\"1023\">2. Datos personales que se recogen<\/strong><\/p>\n<p data-start=\"1025\" data-end=\"1346\">Este sitio web puede recoger los siguientes datos personales:<br data-start=\"1086\" data-end=\"1089\" \/>Nombre y apellidos<br data-start=\"1107\" data-end=\"1110\" \/>Correo electr\u00f3nico<br data-start=\"1128\" data-end=\"1131\" \/>Tel\u00e9fono, en su caso<br data-start=\"1151\" data-end=\"1154\" \/>Datos facilitados mediante formularios de contacto<br data-start=\"1204\" data-end=\"1207\" \/>Datos t\u00e9cnicos como direcci\u00f3n IP, navegador, dispositivo o sistema operativo<br data-start=\"1283\" data-end=\"1286\" \/>Preferencias relacionadas con el consentimiento de cookies<\/p>\n<p data-start=\"1348\" data-end=\"1380\"><strong data-start=\"1348\" data-end=\"1380\">3. Finalidad del tratamiento<\/strong><\/p>\n<p data-start=\"1382\" data-end=\"1681\">Los datos personales se tratan con las siguientes finalidades:<br data-start=\"1444\" data-end=\"1447\" \/>Atender consultas o solicitudes realizadas por los usuarios<br data-start=\"1506\" data-end=\"1509\" \/>Gestionar comunicaciones informativas o comerciales cuando proceda<br data-start=\"1575\" data-end=\"1578\" \/>Garantizar el correcto funcionamiento del sitio web<br data-start=\"1629\" data-end=\"1632\" \/>Cumplir con las obligaciones legales aplicables<\/p>\n<p data-start=\"1683\" data-end=\"1716\"><strong data-start=\"1683\" data-end=\"1716\">4. Base legal del tratamiento<\/strong><\/p>\n<p data-start=\"1718\" data-end=\"1924\">La base legal del tratamiento es:<br data-start=\"1751\" data-end=\"1754\" \/>El consentimiento del usuario<br data-start=\"1783\" data-end=\"1786\" \/>La ejecuci\u00f3n de medidas precontractuales o contractuales<br data-start=\"1842\" data-end=\"1845\" \/>El cumplimiento de obligaciones legales<br data-start=\"1884\" data-end=\"1887\" \/>El inter\u00e9s leg\u00edtimo del responsable<\/p>\n<p data-start=\"1926\" data-end=\"1958\"><strong data-start=\"1926\" data-end=\"1958\">5. Conservaci\u00f3n de los datos<\/strong><\/p>\n<p data-start=\"1960\" data-end=\"2179\">Los datos personales se conservar\u00e1n durante el tiempo necesario para cumplir la finalidad para la que fueron recogidos, mientras exista una relaci\u00f3n con el usuario o durante los plazos exigidos por la normativa vigente.<\/p>\n<p data-start=\"2181\" data-end=\"2214\"><strong data-start=\"2181\" data-end=\"2214\">6. Destinatarios de los datos<\/strong><\/p>\n<p data-start=\"2216\" data-end=\"2422\">Los datos personales no se comunicar\u00e1n a terceros, salvo obligaci\u00f3n legal o cuando sea necesario para el funcionamiento t\u00e9cnico del sitio web mediante proveedores que act\u00faan como encargados del tratamiento.<\/p>\n<p data-start=\"2424\" data-end=\"2451\"><strong data-start=\"2424\" data-end=\"2451\">7. Derechos del usuario<\/strong><\/p>\n<p data-start=\"2453\" data-end=\"2809\">El usuario puede ejercer los siguientes derechos:<br data-start=\"2502\" data-end=\"2505\" \/>Derecho de acceso a sus datos personales<br data-start=\"2545\" data-end=\"2548\" \/>Derecho de rectificaci\u00f3n de datos inexactos<br data-start=\"2591\" data-end=\"2594\" \/>Derecho de supresi\u00f3n de los datos<br data-start=\"2627\" data-end=\"2630\" \/>Derecho a la limitaci\u00f3n del tratamiento<br data-start=\"2669\" data-end=\"2672\" \/>Derecho a la portabilidad de los datos<br data-start=\"2710\" data-end=\"2713\" \/>Derecho de oposici\u00f3n al tratamiento<br data-start=\"2748\" data-end=\"2751\" \/>Derecho a retirar el consentimiento en cualquier momento<\/p>\n<p data-start=\"2811\" data-end=\"2901\">Para ejercer estos derechos, puede enviar una solicitud a <a class=\"decorated-link cursor-pointer\" rel=\"noopener\" data-start=\"2869\" data-end=\"2900\">info@rostisseriasantgregori.com<\/a>.<\/p>\n<p data-start=\"2903\" data-end=\"3003\">Asimismo, tiene derecho a presentar una reclamaci\u00f3n ante la Agencia Espa\u00f1ola de Protecci\u00f3n de Datos.<\/p>\n<p data-start=\"3005\" data-end=\"3032\"><strong data-start=\"3005\" data-end=\"3032\">8. Medidas de seguridad<\/strong><\/p>\n<p data-start=\"3034\" data-end=\"3188\">El responsable aplica las medidas t\u00e9cnicas y organizativas necesarias para garantizar la seguridad, confidencialidad e integridad de los datos personales.<\/p>\n<p data-start=\"3190\" data-end=\"3211\"><strong data-start=\"3190\" data-end=\"3211\">9. Uso de cookies<\/strong><\/p>\n<p data-start=\"3213\" data-end=\"3359\">Este sitio web utiliza cookies propias y de terceros. Puede consultar toda la informaci\u00f3n correspondiente en la Pol\u00edtica de Cookies del sitio web.<\/p>\n<p data-start=\"3361\" data-end=\"3383\"><strong data-start=\"3361\" data-end=\"3383\">10. Modificaciones<\/strong><\/p>\n<p data-start=\"3385\" data-end=\"3511\">El responsable se reserva el derecho a modificar esta pol\u00edtica de privacidad para adaptarla a cambios legislativos o t\u00e9cnicos.<\/p>\n<p>[\/vc_column_text][\/vc_column][vc_column width=\u00bb1\/6&#8243;][\/vc_column][\/vc_row]<\/p>\n<\/div>","protected":false},"excerpt":{"rendered":"<p>[vc_row][vc_column width=\u00bb1\/6&#8243;][\/vc_column][vc_column width=\u00bb2\/3&#8243;][vc_column_text css=\u00bb\u00bb] Esta pol\u00edtica de privacidad fue actualizada por \u00faltima vez el 9 de marzo de 2026 y se aplica a los ciudadanos y residentes legales permanentes del Espacio Econ\u00f3mico Europeo y Suiza. 1. Informaci\u00f3n general En cumplimiento del Reglamento (UE) 2016\/679 (RGPD), se informa a los usuarios del sitio web https:\/\/www.rostisseriasantgregori.com sobre&hellip;<\/p>\n","protected":false},"author":3,"featured_media":0,"parent":0,"menu_order":0,"comment_status":"closed","ping_status":"closed","template":"","meta":{"_joinchat":[],"footnotes":""},"class_list":["post-376","page","type-page","status-publish","hentry","description-off"],"_links":{"self":[{"href":"https:\/\/www.rostisseriasantgregori.com\/es\/wp-json\/wp\/v2\/pages\/376","targetHints":{"allow":["GET"]}}],"collection":[{"href":"https:\/\/www.rostisseriasantgregori.com\/es\/wp-json\/wp\/v2\/pages"}],"about":[{"href":"https:\/\/www.rostisseriasantgregori.com\/es\/wp-json\/wp\/v2\/types\/page"}],"author":[{"embeddable":true,"href":"https:\/\/www.rostisseriasantgregori.com\/es\/wp-json\/wp\/v2\/users\/3"}],"replies":[{"embeddable":true,"href":"https:\/\/www.rostisseriasantgregori.com\/es\/wp-json\/wp\/v2\/comments?post=376"}],"version-history":[{"count":2,"href":"https:\/\/www.rostisseriasantgregori.com\/es\/wp-json\/wp\/v2\/pages\/376\/revisions"}],"predecessor-version":[{"id":378,"href":"https:\/\/www.rostisseriasantgregori.com\/es\/wp-json\/wp\/v2\/pages\/376\/revisions\/378"}],"wp:attachment":[{"href":"https:\/\/www.rostisseriasantgregori.com\/es\/wp-json\/wp\/v2\/media?parent=376"}],"curies":[{"name":"wp","href":"https:\/\/api.w.org\/{rel}","templated":true}]}}